{"id":130,"date":"2012-01-01T17:32:55","date_gmt":"2012-01-01T16:32:55","guid":{"rendered":"http:\/\/www.biohof-vollmer.de\/?page_id=130"},"modified":"2025-09-30T06:11:47","modified_gmt":"2025-09-30T05:11:47","slug":"hofladen","status":"publish","type":"page","link":"https:\/\/www.biohof-vollmer.de\/?page_id=130","title":{"rendered":"Hofladen"},"content":{"rendered":"<p><strong>\u00d6ffnungszeiten:<a href=\"https:\/\/www.biohof-vollmer.de\/wp-content\/uploads\/2012\/01\/DSCI1819.jpg\"><img loading=\"lazy\" decoding=\"async\" class=\"alignright size-medium wp-image-136\" title=\"DSCI1819\" src=\"https:\/\/www.biohof-vollmer.de\/wp-content\/uploads\/2012\/01\/DSCI1819-300x224.jpg\" alt=\"\" width=\"240\" height=\"179\" srcset=\"https:\/\/www.biohof-vollmer.de\/wp-content\/uploads\/2012\/01\/DSCI1819-300x224.jpg 300w, https:\/\/www.biohof-vollmer.de\/wp-content\/uploads\/2012\/01\/DSCI1819-150x112.jpg 150w, https:\/\/www.biohof-vollmer.de\/wp-content\/uploads\/2012\/01\/DSCI1819-400x300.jpg 400w, https:\/\/www.biohof-vollmer.de\/wp-content\/uploads\/2012\/01\/DSCI1819.jpg 448w\" sizes=\"auto, (max-width: 240px) 100vw, 240px\" \/><\/a><\/strong><\/p>\n<p>Mi\u00a0\u00a0\u00a0 10 &#8211; 12 Uhr<\/p>\n<p>Fr\u00a0\u00a0\u00a0 10 &#8211; 18 Uhr<\/p>\n<p>Wir stehen Ihnen auch gern, nach telefonischer Vereinbarung, au\u00dferhalb der \u00d6ffnungszeiten zur Verf\u00fcgung.<\/p>\n<p>Vorallem der Milch und Kartoffeleinkauf ist, nach Absprache, zu jeder Zeit m\u00f6glich.<\/p>\n<p><strong>Vom Allzweckreiniger bis zur Zimtstange<\/strong><\/p>\n<p>Wir verstecken in unserem kleinen \u00a0L\u00e4dchen (kontrolliert nach DE-\u00d6KO-006 \u00d6kokontrollstelle) alles, was im Haushalt gebraucht wird. Gerne d\u00fcrfen Sie uns fragen, wenn sie etwas nicht finden k\u00f6nnen.<\/p>\n<p>Unsere eigenen Produkte, Kartoffeln, Milch, Fleisch vom Rind und zweimal j\u00e4hrlich vom Schwein und das Saisongem\u00fcse (Rote Beete, Zwiebeln, Bohnen,&#8230;) finden Sie neben einem gut ausgew\u00e4hlten Sortiment an Trocken- und Frischeprodukten. Frisches Obst und Gem\u00fcse sind dabei ebenso wichtig wie ein umweltfreundliches Reinigungsmittel. Unsere Gro\u00dfh\u00e4ndler aus Coesfeld beliefert uns zweimal w\u00f6chendlich und bringt ausschlie\u00dflich biologische Produkte auf unseren Hof.<\/p>\n<p>Schauen Sie doch einfach mal rein!<\/p>\n","protected":false},"excerpt":{"rendered":"<p>\u00d6ffnungszeiten: Mi\u00a0\u00a0\u00a0 10 &#8211; 12 Uhr Fr\u00a0\u00a0\u00a0 10 &#8211; 18 Uhr Wir stehen Ihnen auch gern, nach telefonischer Vereinbarung, au\u00dferhalb der \u00d6ffnungszeiten zur Verf\u00fcgung. Vorallem der Milch und Kartoffeleinkauf ist, nach Absprache, zu jeder Zeit m\u00f6glich. Vom Allzweckreiniger bis zur &hellip; <a href=\"https:\/\/www.biohof-vollmer.de\/?page_id=130\">Weiterlesen <span class=\"meta-nav\">&rarr;<\/span><\/a><\/p>\n","protected":false},"author":2,"featured_media":0,"parent":0,"menu_order":0,"comment_status":"open","ping_status":"open","template":"","meta":{"footnotes":""},"class_list":["post-130","page","type-page","status-publish","hentry"],"_links":{"self":[{"href":"https:\/\/www.biohof-vollmer.de\/index.php?rest_route=\/wp\/v2\/pages\/130","targetHints":{"allow":["GET"]}}],"collection":[{"href":"https:\/\/www.biohof-vollmer.de\/index.php?rest_route=\/wp\/v2\/pages"}],"about":[{"href":"https:\/\/www.biohof-vollmer.de\/index.php?rest_route=\/wp\/v2\/types\/page"}],"author":[{"embeddable":true,"href":"https:\/\/www.biohof-vollmer.de\/index.php?rest_route=\/wp\/v2\/users\/2"}],"replies":[{"embeddable":true,"href":"https:\/\/www.biohof-vollmer.de\/index.php?rest_route=%2Fwp%2Fv2%2Fcomments&post=130"}],"version-history":[{"count":10,"href":"https:\/\/www.biohof-vollmer.de\/index.php?rest_route=\/wp\/v2\/pages\/130\/revisions"}],"predecessor-version":[{"id":1529,"href":"https:\/\/www.biohof-vollmer.de\/index.php?rest_route=\/wp\/v2\/pages\/130\/revisions\/1529"}],"wp:attachment":[{"href":"https:\/\/www.biohof-vollmer.de\/index.php?rest_route=%2Fwp%2Fv2%2Fmedia&parent=130"}],"curies":[{"name":"wp","href":"https:\/\/api.w.org\/{rel}","templated":true}]}}