{"id":63,"date":"2011-11-28T09:36:44","date_gmt":"2011-11-28T08:36:44","guid":{"rendered":"http:\/\/www.biohof-vollmer.de\/?page_id=63"},"modified":"2025-01-06T21:38:43","modified_gmt":"2025-01-06T20:38:43","slug":"lieferservice","status":"publish","type":"page","link":"https:\/\/www.biohof-vollmer.de\/?page_id=63","title":{"rendered":"Lieferservice"},"content":{"rendered":"<p><strong>Abokiste, was ist da drin?<\/strong><\/p>\n<p>Sie haben die M\u00f6glichkeit, aus einer Vielzahl an Produkten zu w\u00e4hlen. Neben frischem Obst und Gem\u00fcse aus biologischem Anbau k\u00f6nnen sie auch Brot, Trockenprodukte, wie Nudeln und M\u00fcsli und Frischeprodukte, wie\u00a0z.B.\u00a0K\u00e4se, Quark, Joghurt und Sahne bestellen und sich nach Hause liefern lassen.<\/p>\n<p><strong>Wann wird geliefert? Muss ich zu Hause sein?<\/strong><\/p>\n<p>Am\u00a0Dienstagnachmittag\u00a0\u00a0fahren wir nach\u00a0Rheda und\u00a0St. Vit.<\/p>\n<p>Am Mittwoch wird \u00a0Wiedenbr\u00fcck, Batenhost, Langenberg\u00a0und Wadersloh angefahren.<\/p>\n<p>Am\u00a0Freitag fahren wir nach Pixel und\u00a0Herzebrock.<\/p>\n<p>Grunds\u00e4tzlich reicht uns ein trockener, frost- und tiersicherer Platz aus, um Ihre Abokiste bei Ihnen ankommen zu lassen. Nat\u00fcrlich freuen wir uns auch \u00fcber einen pers\u00f6nlichen Kontakt, hier k\u00f6nnen Sie auch direkt Ihre W\u00fcnsche und Kritik loswerden.<\/p>\n<p><strong>Wie wird bestellt?<\/strong><\/p>\n<p>Grunds\u00e4tzlich gibt es zwei M\u00f6glichkeiten:<\/p>\n<p>Die <em>bequeme Kiste<\/em>, bei der wir einmal eine Kistengr\u00f6\u00dfe festlegen und die Dinge die rein sollen\u00a0bzw. welche auf keinen Fall drin sein d\u00fcrfen. Hierf\u00fcr reicht ein kurzer Kontakt \u00fcber Mail oder Telefon aus. Nat\u00fcrlich lassen sich individuelle W\u00fcnsche jederzeit erg\u00e4nzen.<\/p>\n<p>Die <em>individuelle Kiste, <\/em>bei der Sie uns \u00fcber Mail, Telefon oder Fax kontaktieren und uns Ihre W\u00fcnsche mitteilen.<\/p>\n<p><strong>Wann muss bestellt werden?<\/strong><\/p>\n<p>Die Bestellung sollte uns sp\u00e4testens\u00a0zwei Tage vor der Auslieferung erreichen.<\/p>\n<p>Bei speziellen W\u00fcnschen ist es sinnvoll sich bis zum Wochenende bei uns zu melden, dann k\u00f6nnen wir unseren Wareneinkauf nach Ihnen ausrichten.<\/p>\n<p><strong>Grunds\u00e4tzliches!<\/strong><\/p>\n<p>Der Mindestbestellwert einer Abokiste ist 15 \u20ac. In Ihrer Abokiste ist jedesmal ein detaillierter Lieferschein enthalten. Der Betrag wird zuz\u00fcglich einer Fahrpauschale von 3\u20ac von Ihrem Konto abgebucht. Ab einer Bestellmenge von 45 \u20ac ist die Anlieferung frei. Die Abbuchung erfolgt zweimal monatlich, am 1. und am 15. des darauffolgenden Monats.<\/p>\n<p><a href=\"https:\/\/www.biohof-vollmer.de\/wp-content\/uploads\/2011\/11\/DSCF03993.jpg\"><img loading=\"lazy\" decoding=\"async\" class=\"aligncenter size-full wp-image-221\" title=\"DSCF0399\" src=\"https:\/\/www.biohof-vollmer.de\/wp-content\/uploads\/2011\/11\/DSCF03993.jpg\" alt=\"\" width=\"336\" height=\"448\" srcset=\"https:\/\/www.biohof-vollmer.de\/wp-content\/uploads\/2011\/11\/DSCF03993.jpg 336w, https:\/\/www.biohof-vollmer.de\/wp-content\/uploads\/2011\/11\/DSCF03993-224x300.jpg 224w, https:\/\/www.biohof-vollmer.de\/wp-content\/uploads\/2011\/11\/DSCF03993-112x150.jpg 112w\" sizes=\"auto, (max-width: 336px) 100vw, 336px\" \/><\/a><\/p>\n","protected":false},"excerpt":{"rendered":"<p>Abokiste, was ist da drin? Sie haben die M\u00f6glichkeit, aus einer Vielzahl an Produkten zu w\u00e4hlen. Neben frischem Obst und Gem\u00fcse aus biologischem Anbau k\u00f6nnen sie auch Brot, Trockenprodukte, wie Nudeln und M\u00fcsli und Frischeprodukte, wie\u00a0z.B.\u00a0K\u00e4se, Quark, Joghurt und Sahne &hellip; <a href=\"https:\/\/www.biohof-vollmer.de\/?page_id=63\">Weiterlesen <span class=\"meta-nav\">&rarr;<\/span><\/a><\/p>\n","protected":false},"author":1,"featured_media":0,"parent":0,"menu_order":0,"comment_status":"open","ping_status":"open","template":"","meta":{"footnotes":""},"class_list":["post-63","page","type-page","status-publish","hentry"],"_links":{"self":[{"href":"https:\/\/www.biohof-vollmer.de\/index.php?rest_route=\/wp\/v2\/pages\/63","targetHints":{"allow":["GET"]}}],"collection":[{"href":"https:\/\/www.biohof-vollmer.de\/index.php?rest_route=\/wp\/v2\/pages"}],"about":[{"href":"https:\/\/www.biohof-vollmer.de\/index.php?rest_route=\/wp\/v2\/types\/page"}],"author":[{"embeddable":true,"href":"https:\/\/www.biohof-vollmer.de\/index.php?rest_route=\/wp\/v2\/users\/1"}],"replies":[{"embeddable":true,"href":"https:\/\/www.biohof-vollmer.de\/index.php?rest_route=%2Fwp%2Fv2%2Fcomments&post=63"}],"version-history":[{"count":14,"href":"https:\/\/www.biohof-vollmer.de\/index.php?rest_route=\/wp\/v2\/pages\/63\/revisions"}],"predecessor-version":[{"id":1467,"href":"https:\/\/www.biohof-vollmer.de\/index.php?rest_route=\/wp\/v2\/pages\/63\/revisions\/1467"}],"wp:attachment":[{"href":"https:\/\/www.biohof-vollmer.de\/index.php?rest_route=%2Fwp%2Fv2%2Fmedia&parent=63"}],"curies":[{"name":"wp","href":"https:\/\/api.w.org\/{rel}","templated":true}]}}